{"id":162,"date":"2019-04-08T16:33:20","date_gmt":"2019-04-08T14:33:20","guid":{"rendered":"http:\/\/ifd.function.de\/?page_id=162"},"modified":"2026-03-18T11:13:19","modified_gmt":"2026-03-18T10:13:19","slug":"berufsbegleitung-sicherung","status":"publish","type":"page","link":"https:\/\/www.ifd-bonn.de\/?page_id=162","title":{"rendered":"Berufsbegleitung \/ Sicherung"},"content":{"rendered":"\n<p>Eine der wesentlichen Aufgaben des IFD ist die berufsbegleitende Sicherung von bestehenden Arbeits- und betrieblichen Ausbildungsverh\u00e4ltnissen. Die Fachberater begleiten die betroffenen Besch\u00e4ftigten im Arbeitsalltag. Sie informieren die Beteiligten \u00fcber F\u00f6rderm\u00f6glichkeiten und beraten zudem das betriebliche Umfeld \u00fcber Auswirkungen von Behinderungen und einen geeigneten Umgang damit. Insbesondere geh\u00f6rt zum Aufgabenbereich des IFD:<\/p>\n\n\n\n<ul class=\"wp-block-list\">\n<li>Arbeits-, berufsbegleitende und psychosoziale Betreuung<\/li>\n\n\n\n<li>Unterst\u00fctzung bei der Stufenweisen Wiedereingliederung<\/li>\n\n\n\n<li>Krisenintervention<\/li>\n\n\n\n<li>Beratung in Einzelf\u00e4llen des betrieblichen Eingliederungsmanagements<\/li>\n\n\n\n<li>Unterst\u00fctzung bei der Beantragung technischer und finanzieller Hilfen zur behindertengerechten Arbeitsplatzgestaltung<\/li>\n\n\n\n<li>Beteiligung an K\u00fcndigungsschutzverfahren<\/li>\n\n\n\n<li>Beratung von Arbeitgebende, Personalverantwortlichen, betrieblichen Helfergruppen und Kollegen<\/li>\n<\/ul>\n\n\n\n\n\n<h5 class=\"wp-block-heading\"><strong>F\u00fcr Arbeitgebende und Arbeitnehmende mit Behinderung <br>und dem Arbeitsort in Bonn<\/strong>  <br><\/h5>\n\n\n\n<figure class=\"wp-block-image Kontaktperson\"><a class=\"Bildlink\" href=\"mailto:b.fleckner@ifd-bonn.de\"><img loading=\"lazy\" decoding=\"async\" width=\"80\" height=\"120\" src=\"http:\/\/www.ifd-bonn.de\/wp-content\/uploads\/2019\/07\/fleckner-brigitte.jpg\" alt=\"Frau Fleckner\" class=\"wp-image-605\"\/><\/a><figcaption class=\"wp-element-caption\"><a href=\"mailto:b.fleckner@ifd-bonn.de\">Frau Fleckner<\/a><br> Tel. 0228\/92685-227<br>Mobil 0162\/2369984<br> Fax 0228\/92685-427<\/figcaption><\/figure>\n\n\n\n<figure class=\"wp-block-image size-large is-resized Kontaktperson\"><a class=\"Bildlink\" href=\"mailto:j.groebel@ifd-bonn.de\"><img loading=\"lazy\" decoding=\"async\" width=\"86\" height=\"118\" src=\"https:\/\/www.ifd-bonn.de\/wp-content\/uploads\/2021\/06\/groebel_jasmin-1.jpg\" alt=\"Frau Groebel\" class=\"wp-image-1301\" style=\"width:86px;height:118px\"\/><\/a><figcaption class=\"wp-element-caption\"><a href=\"mailto:j.groebel@ifd-bonn.de\">Frau Groebel<\/a><br>\nTel. 0228\/92685-216<br>Mobil 0162\/2369099 <br>\nFax 0228\/92685-416<\/figcaption><\/figure>\n\n\n\n<figure class=\"wp-block-image Kontaktperson\"><a class=\"Bildlink\" href=\"mailto:h.mueller@ifd-bonn.de\"><img loading=\"lazy\" decoding=\"async\" width=\"80\" height=\"120\" src=\"http:\/\/www.ifd-bonn.de\/wp-content\/uploads\/2019\/03\/mueller-heike.jpg\" alt=\"Frau M\u00fcller\" class=\"wp-image-137\"\/><\/a><figcaption class=\"wp-element-caption\"><a href=\"mailto:h.mueller@ifd-bonn.de\">Frau M\u00fcller<\/a><br> Tel. 0228\/92685-215<br>Mobil 0170\/8510297<br> Fax 0228\/92685-415<\/figcaption><\/figure>\n\n\n\n<figure class=\"wp-block-image size-full is-resized Kontaktperson\"><a href=\"mailto:l.held@ifd-bonn.de\"><img loading=\"lazy\" decoding=\"async\" width=\"80\" height=\"121\" src=\"https:\/\/www.ifd-bonn.de\/wp-content\/uploads\/2025\/04\/held_klein.jpg\" alt=\"Herr Held\" class=\"wp-image-1910\" style=\"width:80px;height:121px\"\/><\/a><figcaption class=\"wp-element-caption\"><a href=\"mailto:l.held@ifd-bonn.de\">Herr Held<\/a><br> Tel. 0228\/92685-217<br>Mobil 0170\/8510293<br> Fax 0228\/92685-417<\/figcaption><\/figure>\n\n\n\n\n\n<h5 class=\"wp-block-heading\"><strong>F\u00fcr Arbeitgebende und Arbeitnehmende mit Behinderung <br>und dem Arbeitsort in Bonn oder dem Rhein-Sieg-Kreis<\/strong> <br><\/h5>\n\n\n\n<figure class=\"wp-block-image size-large Kontaktperson\"><a class=\"Bildlink\" href=\"mailto:e.albert@ifd-bonn.de\"><img loading=\"lazy\" decoding=\"async\" width=\"84\" height=\"120\" src=\"http:\/\/www.ifd-bonn.de\/wp-content\/uploads\/2020\/12\/albert_evelyn.jpg\" alt=\"Frau Albert\" class=\"wp-image-987\"\/><\/a><figcaption class=\"wp-element-caption\"><a href=\"mailto:e.albert@ifd-bonn.de\">Frau Albert<\/a><br>\nTel. 0228\/92685-230<br>Mobil 0162\/3621522<br>\nFax 0228\/92685-430<\/figcaption><\/figure>\n\n\n\n<figure class=\"wp-block-image size-full Kontaktperson\"><a href=\"mailto:a.becker@ifd-bonn.de\"><img loading=\"lazy\" decoding=\"async\" width=\"80\" height=\"120\" src=\"https:\/\/www.ifd-bonn.de\/wp-content\/uploads\/2024\/10\/becker_anja_sw.jpg\" alt=\"Frau Becker\" class=\"wp-image-1866\"\/><\/a><figcaption class=\"wp-element-caption\"><a href=\"mailto:a.becker@ifd-bonn.de\">Frau Becker<\/a><br>\nTel. 0228\/92685-211<br>Mobil 0162\/3621347<br>\nFax 0228\/92685-411<\/figcaption><\/figure>\n\n\n\n<figure class=\"wp-block-image Kontaktperson\"><a class=\"Bildlink\" href=\"mailto:a.eich@ifd-bonn.de\"><img loading=\"lazy\" decoding=\"async\" width=\"89\" height=\"120\" src=\"http:\/\/www.ifd-bonn.de\/wp-content\/uploads\/2020\/04\/eich_astrid-1.jpg\" alt=\"Frau Eich\" class=\"wp-image-896\"\/><\/a><figcaption class=\"wp-element-caption\"><a href=\"mailto:a.eich@ifd-bonn.de\">Frau Eich<\/a><br>\nTel. 0228\/92685-221<br>Mobil 0162\/3621670<br>\nFax 0228\/92685-421<\/figcaption><\/figure>\n\n\n\n<figure class=\"wp-block-image Kontaktperson\"><a class=\"Bildlink\" href=\"mailto:k.leufgen@ifd-bonn.de\"><img loading=\"lazy\" decoding=\"async\" width=\"80\" height=\"120\" src=\"http:\/\/www.ifd-bonn.de\/wp-content\/uploads\/2019\/03\/leufgen-karsten.jpg\" alt=\"Herr Leufgen\" class=\"wp-image-133\"\/><\/a><figcaption class=\"wp-element-caption\"><a href=\"mailto:k.leufgen@ifd-bonn.de\">Herr Leufgen<\/a><br>\nTel. 0228\/92685-212<br>Mobil 0162\/3605420<br>Fax 0228\/92685-412<\/figcaption><\/figure>\n\n\n\n<figure class=\"wp-block-image size-full Kontaktperson\"><img loading=\"lazy\" decoding=\"async\" width=\"90\" height=\"126\" src=\"https:\/\/www.ifd-bonn.de\/wp-content\/uploads\/2020\/11\/schaefer_nora-1.jpg\" alt=\"Frau Sch\u00e4fer\" class=\"wp-image-980\"\/><figcaption class=\"wp-element-caption\"><a href=\"mailto:n.schaefer@ifd-bonn.de\">Frau Sch\u00e4fer<\/a><br>\nTel. 0228\/92685-214<br>Mobil 0162\/3621471 <br>\nFax 0228\/92685-414<\/figcaption><\/figure>\n\n\n\n<figure class=\"wp-block-image Kontaktperson\"><a class=\"Bildlink\" href=\"mailto:m.scherer@ifd-bonn.de\"><img loading=\"lazy\" decoding=\"async\" width=\"84\" height=\"120\" src=\"http:\/\/www.ifd-bonn.de\/wp-content\/uploads\/2019\/03\/scherer-m.jpg\" alt=\"Frau Scherer\" class=\"wp-image-140\"\/><\/a><figcaption class=\"wp-element-caption\"><a href=\"mailto:m.scherer@ifd-bonn.de\">Frau Scherer<\/a><br>\nTel. 0228\/92685-213<br>Mobil 0162\/3605033<br>\nFax 0228\/92685-413<\/figcaption><\/figure>\n\n\n\n<figure class=\"wp-block-image size-full Kontaktperson\"><a href=\"mailto:s.schreitmueller@ifd-bonn.de\"><img loading=\"lazy\" decoding=\"async\" width=\"80\" height=\"114\" src=\"https:\/\/www.ifd-bonn.de\/wp-content\/uploads\/2023\/10\/schreitmueller_klein-2.jpg\" alt=\"\" class=\"wp-image-1738\"\/><\/a><figcaption class=\"wp-element-caption\"><a href=\"mailto:s.schreitmueller@ifd-bonn.de\">Herr Schreitm\u00fcller<\/a><br>\nTel. 0228\/92685-218<br>Mobil 0162\/3621840<br>\nFax 0228\/92685-418<\/figcaption><\/figure>\n\n\n\n<p><\/p>\n\n\n\n<h5 class=\"wp-block-heading\"><strong>F\u00fcr Arbeitgebende und Arbeitnehmende mit H\u00f6rbehinderung und dem Arbeitsort in Bonn, dem Rhein-Sieg-Kreis und dem Rhein-Erft-Kreis<\/strong><br><\/h5>\n\n\n\n<figure class=\"wp-block-image size-full Kontaktperson\"><a href=\"mailto:a.bornkessel@ifd-hoeren.de\"><img loading=\"lazy\" decoding=\"async\" width=\"86\" height=\"112\" src=\"https:\/\/www.ifd-bonn.de\/wp-content\/uploads\/2023\/10\/kann_klein-1.jpg\" alt=\"Frau Bornkessel\" class=\"wp-image-1744\"\/><\/a><figcaption class=\"wp-element-caption\"><a href=\"mailto:a.bornkessel@ifd-hoeren.de\">Frau Bornkessel<\/a><br>\nTel. 0228\/92685-223<br>Mobil 0176\/10800236<br>\nFax 0228\/92685-423<\/figcaption><\/figure>\n\n\n\n<figure class=\"wp-block-image Kontaktperson\"><a class=\"Bildlink\" href=\"mailto:c.kauth@ifd-hoeren.de\"><img loading=\"lazy\" decoding=\"async\" width=\"85\" height=\"117\" src=\"http:\/\/www.ifd-bonn.de\/wp-content\/uploads\/2020\/07\/kauth_christine-1.jpg\" alt=\"Frau Kauth\" class=\"wp-image-939\"\/><\/a><figcaption class=\"wp-element-caption\"><a href=\"mailto:c.kauth@ifd-hoeren.de\">Frau Kauth<\/a><br> Tel. 0228\/92685-222<br>Mobil 0157\/34525010 <br> Fax 0228\/92685-422<\/figcaption><\/figure>\n\n\n\n<figure class=\"wp-block-image size-full Kontaktperson\"><a class=\"Bildlink\" href=\"mailto:s.urich@ifd-hoeren.de\"><img loading=\"lazy\" decoding=\"async\" width=\"86\" height=\"115\" src=\"https:\/\/www.ifd-bonn.de\/wp-content\/uploads\/2021\/02\/dedenbach_sarah-1-e1612854877848.jpg\" alt=\"Frau Urich\" class=\"wp-image-1101\"\/><\/a><figcaption class=\"wp-element-caption\"><a href=\"mailto:s.urich@ifd-hoeren.de\">Frau Urich<\/a><br>Tel. 0228\/92685-220<br>Mobil 0163\/1976211 <br>Fax 0228\/92685-420<\/figcaption><\/figure>\n\n\n\n<p><br><\/p>\n\n\n\n\n\n<h5 class=\"wp-block-heading\"><strong>F\u00fcr Arbeitgebende und Arbeitnehmende <br>mit Sehbehinderung oder Erblindung <br>und dem Arbeitsort in Bonn oder dem Rhein-Sieg-Kreis<\/strong><br><\/h5>\n\n\n\n<figure class=\"wp-block-image size-large Kontaktperson\"><a href=\"mailto:morgen@ifd-sehen.de\"><img loading=\"lazy\" decoding=\"async\" width=\"82\" height=\"110\" src=\"https:\/\/www.ifd-bonn.de\/wp-content\/uploads\/2021\/05\/morgen_birgit.jpg\" alt=\"Frau Morgen\" class=\"wp-image-1270\"\/><\/a><figcaption class=\"wp-element-caption\"><a href=\"mailto:morgen@ifd-sehen.de\">Frau Morgen<\/a><br> Tel. 0221\/2943-401<br>Mobil 0173\/9605245<\/figcaption><\/figure>\n\n\n\n<p>Integrationsfachdienst K\u00f6ln gGmbH<br>Lupusstr. 22<br>50670 K\u00f6ln <\/p>\n","protected":false},"excerpt":{"rendered":"<p>Eine der wesentlichen Aufgaben des IFD ist die berufsbegleitende Sicherung von bestehenden Arbeits- und betrieblichen Ausbildungsverh\u00e4ltnissen. Die Fachberater begleiten die betroffenen Besch\u00e4ftigten im Arbeitsalltag. Sie informieren die Beteiligten \u00fcber F\u00f6rderm\u00f6glichkeiten und beraten zudem das betriebliche Umfeld \u00fcber Auswirkungen von Behinderungen und einen geeigneten Umgang damit. Insbesondere geh\u00f6rt zum Aufgabenbereich des IFD: F\u00fcr Arbeitgebende und Arbeitnehmende &hellip; <a href=\"https:\/\/www.ifd-bonn.de\/?page_id=162\" class=\"more-link\"><span class=\"screen-reader-text\">\u201eBerufsbegleitung \/ Sicherung\u201c<\/span> weiterlesen<\/a><\/p>\n","protected":false},"author":2,"featured_media":0,"parent":0,"menu_order":0,"comment_status":"closed","ping_status":"closed","template":"","meta":{"footnotes":""},"class_list":["post-162","page","type-page","status-publish","hentry"],"_links":{"self":[{"href":"https:\/\/www.ifd-bonn.de\/index.php?rest_route=\/wp\/v2\/pages\/162","targetHints":{"allow":["GET"]}}],"collection":[{"href":"https:\/\/www.ifd-bonn.de\/index.php?rest_route=\/wp\/v2\/pages"}],"about":[{"href":"https:\/\/www.ifd-bonn.de\/index.php?rest_route=\/wp\/v2\/types\/page"}],"author":[{"embeddable":true,"href":"https:\/\/www.ifd-bonn.de\/index.php?rest_route=\/wp\/v2\/users\/2"}],"replies":[{"embeddable":true,"href":"https:\/\/www.ifd-bonn.de\/index.php?rest_route=%2Fwp%2Fv2%2Fcomments&post=162"}],"version-history":[{"count":214,"href":"https:\/\/www.ifd-bonn.de\/index.php?rest_route=\/wp\/v2\/pages\/162\/revisions"}],"predecessor-version":[{"id":2008,"href":"https:\/\/www.ifd-bonn.de\/index.php?rest_route=\/wp\/v2\/pages\/162\/revisions\/2008"}],"wp:attachment":[{"href":"https:\/\/www.ifd-bonn.de\/index.php?rest_route=%2Fwp%2Fv2%2Fmedia&parent=162"}],"curies":[{"name":"wp","href":"https:\/\/api.w.org\/{rel}","templated":true}]}}