{"id":165,"date":"2019-04-08T16:34:58","date_gmt":"2019-04-08T14:34:58","guid":{"rendered":"http:\/\/ifd.function.de\/?page_id=165"},"modified":"2025-11-04T14:43:16","modified_gmt":"2025-11-04T13:43:16","slug":"vermittlung-in-beschaeftigung-2","status":"publish","type":"page","link":"https:\/\/www.ifd-bonn.de\/?page_id=165","title":{"rendered":"Vermittlung in Besch\u00e4ftigung"},"content":{"rendered":"\n<p>Der IFD unterst\u00fctzt Menschen mit Rehabilitations-Status einen geeigneten Arbeits- oder Ausbildungsplatz auf dem allgemeinen Arbeitsmarkt zu finden. \u00dcber den Rehabilitations-Status entscheiden die zust\u00e4ndigen Rehabilitationstr\u00e4ger. Gerne unterst\u00fctzt Sie der IFD bei der Beantragung. Dar\u00fcber hinaus geh\u00f6rt insbesondere zum Aufgabenbereich des IFD:<\/p>\n\n\n\n<ul class=\"wp-block-list\">\n<li>\u00dcberpr\u00fcfen der Bewerbungsunterlagen und Vorbereitung von Vorstellungsgespr\u00e4chen sowie sonstige Vorbereitungs- und Unterst\u00fctzungsleistungen<\/li>\n\n\n\n<li>Suche geeigneter Ausbildungs- oder Arbeitspl\u00e4tze<\/li>\n\n\n\n<li>Unterst\u00fctzung bei Arbeitsaufnahme und Einarbeitung in einen Ausbildungs- oder Arbeitsplatz<\/li>\n\n\n\n<li>Beratung und Information f\u00fcr Arbeitgebende zu F\u00f6rderm\u00f6glichkeiten der Rehabilitationstr\u00e4ger und F\u00f6rderprogrammen des LVR-Inklusionsamtes bei Einstellungen<\/li>\n\n\n\n<li>Beratung von Arbeitgebenden bei der Bereitstellung von geeigneten Arbeits- und Ausbildungsstellen<\/li>\n<\/ul>\n\n\n\n\n\n\n\n<h5 class=\"wp-block-heading\">F\u00fcr arbeitssuchende Menschen und interessierte Arbeitgebende<\/h5>\n\n\n\n<figure class=\"wp-block-image size-large Kontaktperson\"><a class=\"Bildlink\" href=\"mailto:c.kitzmann@ifd-bonn.de\"><img loading=\"lazy\" decoding=\"async\" width=\"84\" height=\"118\" src=\"https:\/\/www.ifd-bonn.de\/wp-content\/uploads\/2020\/02\/kitzmann_christine-1.jpg\" alt=\"Frau Kitzmann\" class=\"wp-image-850\"\/><\/a><figcaption class=\"wp-element-caption\"><a href=\"mailto:c.kitzmann@ifd-bonn.de\">Frau Kitzmann<\/a><br>\nTel. 0228\/92685-224<br>Mobil 0162\/3604980<br>\nFax 0228\/92685-424<\/figcaption><\/figure>\n\n\n\n<figure class=\"wp-block-image size-full Kontaktperson\"><a href=\"mailto:d.zoellner@ifd-bonn.de\"><img loading=\"lazy\" decoding=\"async\" width=\"83\" height=\"122\" src=\"https:\/\/www.ifd-bonn.de\/wp-content\/uploads\/2019\/07\/stotzem-denise.jpg\" alt=\"Frau Z\u00f6llner\" class=\"wp-image-624\"\/><\/a><figcaption class=\"wp-element-caption\"><a href=\"mailto:d.zoellner@ifd-bonn.de\">Frau Z\u00f6llner<\/a><br>\nTel. 0228\/92685-225<br>Mobil 0162\/3605488<br>\nFax 0228\/92685-425<\/figcaption><\/figure>\n\n\n\n<p><\/p>\n\n\n\n\n\n<h5 class=\"wp-block-heading\">F\u00fcr arbeitssuchende Menschen mit Sehbehinderung oder Erblindung und interessierte Arbeitgebende <\/h5>\n\n\n\n<p><a href=\"mailto:remmers@ifd-sehen.de\">Frau Remmers<\/a><br>Tel. 02421\/598-135<br>Mobil 0171\/9992076<\/p>\n\n\n\n<p>Berufsf\u00f6rderungswerk D\u00fcren gGmbH<br>Karl-Arnold-Stra\u00dfe 132-134<br>52349 D\u00fcren<\/p>\n\n\n\n\n\n<h5 class=\"wp-block-heading\">F\u00fcr arbeitssuchende Menschen mit Schwerh\u00f6rigkeit oder Geh\u00f6rlosigkeit und interessierte Arbeitgebende<br><\/h5>\n\n\n\n<figure class=\"wp-block-image size-full Kontaktperson\"><a href=\"mailto:s.berg@ifd-hoeren.de\"><img loading=\"lazy\" decoding=\"async\" width=\"86\" height=\"115\" src=\"https:\/\/www.ifd-bonn.de\/wp-content\/uploads\/2024\/11\/berg_sina_klein_sw-rotated.jpg\" alt=\"Frau Berg\" class=\"wp-image-1882\"\/><\/a><figcaption class=\"wp-element-caption\"><a href=\"mailto:s.berg@ifd-hoeren.de\">Frau Berg<\/a><br>\nTel. 0221\/2943-206<br>Mobil 0176\/10802596<br>\nFax 0221\/2943-500<\/figcaption><\/figure>\n\n\n\n<p><\/p>\n\n\n\n<p>Integrationsfachdienst K\u00f6ln gGmbH<br>Lupusstr. 22<br>50670 K\u00f6ln<\/p>\n","protected":false},"excerpt":{"rendered":"<p>Der IFD unterst\u00fctzt Menschen mit Rehabilitations-Status einen geeigneten Arbeits- oder Ausbildungsplatz auf dem allgemeinen Arbeitsmarkt zu finden. \u00dcber den Rehabilitations-Status entscheiden die zust\u00e4ndigen Rehabilitationstr\u00e4ger. Gerne unterst\u00fctzt Sie der IFD bei der Beantragung. Dar\u00fcber hinaus geh\u00f6rt insbesondere zum Aufgabenbereich des IFD: F\u00fcr arbeitssuchende Menschen und interessierte Arbeitgebende F\u00fcr arbeitssuchende Menschen mit Sehbehinderung oder Erblindung und interessierte &hellip; <a href=\"https:\/\/www.ifd-bonn.de\/?page_id=165\" class=\"more-link\"><span class=\"screen-reader-text\">\u201eVermittlung in Besch\u00e4ftigung\u201c<\/span> weiterlesen<\/a><\/p>\n","protected":false},"author":2,"featured_media":0,"parent":0,"menu_order":0,"comment_status":"closed","ping_status":"closed","template":"","meta":{"footnotes":""},"class_list":["post-165","page","type-page","status-publish","hentry"],"_links":{"self":[{"href":"https:\/\/www.ifd-bonn.de\/index.php?rest_route=\/wp\/v2\/pages\/165","targetHints":{"allow":["GET"]}}],"collection":[{"href":"https:\/\/www.ifd-bonn.de\/index.php?rest_route=\/wp\/v2\/pages"}],"about":[{"href":"https:\/\/www.ifd-bonn.de\/index.php?rest_route=\/wp\/v2\/types\/page"}],"author":[{"embeddable":true,"href":"https:\/\/www.ifd-bonn.de\/index.php?rest_route=\/wp\/v2\/users\/2"}],"replies":[{"embeddable":true,"href":"https:\/\/www.ifd-bonn.de\/index.php?rest_route=%2Fwp%2Fv2%2Fcomments&post=165"}],"version-history":[{"count":55,"href":"https:\/\/www.ifd-bonn.de\/index.php?rest_route=\/wp\/v2\/pages\/165\/revisions"}],"predecessor-version":[{"id":1946,"href":"https:\/\/www.ifd-bonn.de\/index.php?rest_route=\/wp\/v2\/pages\/165\/revisions\/1946"}],"wp:attachment":[{"href":"https:\/\/www.ifd-bonn.de\/index.php?rest_route=%2Fwp%2Fv2%2Fmedia&parent=165"}],"curies":[{"name":"wp","href":"https:\/\/api.w.org\/{rel}","templated":true}]}}