{"id":168,"date":"2019-04-08T16:36:25","date_gmt":"2019-04-08T14:36:25","guid":{"rendered":"http:\/\/ifd.function.de\/?page_id=168"},"modified":"2025-11-04T14:42:48","modified_gmt":"2025-11-04T13:42:48","slug":"uebergang-schule-beruf","status":"publish","type":"page","link":"https:\/\/www.ifd-bonn.de\/?page_id=168","title":{"rendered":"\u00dcbergang Schule \/ Beruf"},"content":{"rendered":"\n<h2 class=\"wp-block-heading\"><strong><em>Starthilfe in das Berufsleben: KAoA &#8211; STAR<\/em><\/strong><\/h2>\n\n\n\n<figure class=\"wp-block-image size-large Kontaktperson\"><img loading=\"lazy\" decoding=\"async\" width=\"250\" height=\"112\" src=\"https:\/\/www.ifd-bonn.de\/wp-content\/uploads\/2021\/03\/logo_kaoa_klein.jpg\" alt=\"\" class=\"wp-image-1154\"\/><\/figure>\n\n\n\n<figure class=\"wp-block-image Kontaktperson\"><img loading=\"lazy\" decoding=\"async\" width=\"250\" height=\"95\" src=\"http:\/\/www.ifd-bonn.de\/wp-content\/uploads\/2019\/04\/star-klein.jpg\" alt=\"Logo STAR Schule trifft Arbeitswelt zur Integration schwerbehinderter Jugendlicher\" class=\"wp-image-429\"\/><\/figure>\n\n\n\n<p>Unter dem Dach des Landesvorhabens \u201e<strong>K<\/strong>ein <strong>A<\/strong>bschluss <strong>o<\/strong>hne <strong>A<\/strong>nschluss&#8220; (KAoA) und dem darin fest verankertem Bestandteil \u201eSTAR \u2013 <strong>S<\/strong>chule <strong>t<\/strong>rifft <strong>Ar<\/strong>beitswelt\u201c bietet der IFD als Dienstleister den <strong>F\u00f6rderschulen<\/strong> als auch den <strong>Schulen des Gemeinsamen Lernens<\/strong> Unterst\u00fctzung bei der Berufsorientierung. <br> Ziel ist es, jungen Menschen mit Behinderung M\u00f6glichkeiten zu er\u00f6ffnen, auf dem allgemeinen Arbeitsmarkt einen passenden Arbeits- oder Ausbildungsplatz zu finden.<\/p>\n\n\n\n<p>KAoA-STAR unterst\u00fctzt Sch\u00fcler mit (Schwer-)Behinderung und\/oder Bedarf an sonderp\u00e4dagogischer Unterst\u00fctzung in den Bereichen:<\/p>\n\n\n\n<ul class=\"wp-block-list\">\n<li>Geistige Entwicklung<\/li>\n\n\n\n<li>H\u00f6ren und Kommunikation<\/li>\n\n\n\n<li>K\u00f6rperliche und motorische Entwicklung<\/li>\n\n\n\n<li>Sehen<\/li>\n\n\n\n<li>Sprache<\/li>\n\n\n\n<li>Autismusdiagnose<\/li>\n<\/ul>\n\n\n\n<p>Durch verschiedene Elemente der beruflichen Orientierung, wie z.B. die behinderungsspezifische <strong>Potenzialanalyse<\/strong>, <strong>Berufsfelderkundungen<\/strong>, Unterst\u00fctzung bei <strong>Praktika<\/strong> und <strong>der \u00dcbergangsbegleitung auf den allgemeinen Arbeitsmarkt <\/strong>werden gemeinsam mit den Jugendlichen berufliche Wege erarbeitet.<\/p>\n\n\n\n\n\n<p><\/p>\n\n\n\n\n\n<p><strong>Weitere Informationen finden Sie hier <\/strong>(Bitte Bild oder Link anklicken):<a href=\"https:\/\/www.lvr.de\/de\/nav_main\/soziales_1\/inklusionsamt\/uebergang_schule_beruf_1\/star\/star.jsp\"><img loading=\"lazy\" decoding=\"async\" width=\"150\" height=\"38\" class=\"wp-image-1204\" style=\"width: 150px;\" src=\"https:\/\/www.ifd-bonn.de\/wp-content\/uploads\/2021\/03\/logo_kaoa_star_klein.jpg\" alt=\"\" srcset=\"https:\/\/www.ifd-bonn.de\/wp-content\/uploads\/2021\/03\/logo_kaoa_star_klein.jpg 453w, https:\/\/www.ifd-bonn.de\/wp-content\/uploads\/2021\/03\/logo_kaoa_star_klein-300x76.jpg 300w\" sizes=\"auto, (max-width: 150px) 85vw, 150px\" \/>(Alltagssprache)<\/a><\/p>\n\n\n\n<p><a href=\"https:\/\/leichtesprache.lvr.de\/\/de\/nav_main\/schule\/grosse_kinder\/einen_beruf_finden\/artikel_22.html\"><img loading=\"lazy\" decoding=\"async\" width=\"150\" height=\"38\" class=\"wp-image-1204\" style=\"width: 150px;\" src=\"https:\/\/www.ifd-bonn.de\/wp-content\/uploads\/2021\/03\/logo_kaoa_star_klein.jpg\" alt=\"\" srcset=\"https:\/\/www.ifd-bonn.de\/wp-content\/uploads\/2021\/03\/logo_kaoa_star_klein.jpg 453w, https:\/\/www.ifd-bonn.de\/wp-content\/uploads\/2021\/03\/logo_kaoa_star_klein-300x76.jpg 300w\" sizes=\"auto, (max-width: 150px) 85vw, 150px\" \/>(leichte Sprache)<\/a><\/p>\n\n\n\n<hr class=\"wp-block-separator has-css-opacity\"\/>\n\n\n\n<p>Allgemeine Informationen: <a href=\"http:\/\/www.keinabschlussohneanschluss.nrw.de\/uebergang-schule-beruf-in-nrw\/basisinformationen.html\">http:\/\/www.keinabschlussohneanschluss.nrw.de\/uebergang-schule-beruf-in-nrw\/basisinformationen.html<\/a><\/p>\n\n\n\n<hr class=\"wp-block-separator has-css-opacity\"\/>\n\n\n\n<p>Das LVR-Inklusionsamt f\u00f6rdert und unterst\u00fctzt die \u00dcberg\u00e4nge von Menschen mit Behinderung auf den allgemeinen Arbeitsmarkt. Hierzu gibt es den Film &#8222;Chancen bieten &#8211; Chancen nutzen&#8220;:<\/p>\n\n\n\n<p> <a href=\"https:\/\/www.lvr.de\/de\/nav_main\/soziales_1\/inklusionsamt\/schulungs_und_informationsangebot\/filme_und_medien\/filme_und_medien.jsp#section-1521844\"><img loading=\"lazy\" decoding=\"async\" width=\"150\" height=\"118\" class=\"wp-image-1175\" style=\"width: 150px;\" src=\"https:\/\/www.ifd-bonn.de\/wp-content\/uploads\/2021\/03\/film_chanchen_bieten_chancen_nutzen-e1615211840696.jpg\" alt=\"\"><\/a><\/p>\n\n\n\n<hr class=\"wp-block-separator has-css-opacity\"\/>\n\n\n\n<p>Filmbeitrag aus ZB Rheinland digital (Ausgabe 04-2021 des LVR-Inklusionsamtes) zu einer erfolgreichen Vermittlung durch den IFD: <\/p>\n\n\n\n<p><a href=\"https:\/\/www.bih.de\/integrationsaemter\/zb-magazin\/ausgabe-04-2021-lvr\/alles-ist-moeglich\/\">Alles ist m\u00f6glich: Mit Down-Syndrom bei der Polizei<\/a> (Bitte Link anklicken)<\/p>\n\n\n\n\n\n<h5 class=\"wp-block-heading\">F\u00fcr Sch\u00fcler, Eltern, Lehrer und interessierte Arbeitgebende<\/h5>\n\n\n\n<p><\/p>\n\n\n\n<figure class=\"wp-block-image size-full Kontaktperson\"><img loading=\"lazy\" decoding=\"async\" width=\"80\" height=\"120\" src=\"https:\/\/www.ifd-bonn.de\/wp-content\/uploads\/2024\/10\/becker_anja_sw.jpg\" alt=\"Frau Becker\" class=\"wp-image-1866\"\/><figcaption class=\"wp-element-caption\"><a href=\"mailto:a.becker@ifd-bonn.de\">Frau Becker<\/a><br><br>Tel. 0228\/92685-211<br>Mobil 0162\/3621347<br>Fax 0228\/92685-411<\/figcaption><\/figure>\n\n\n\n<figure class=\"wp-block-image size-full Kontaktperson\"><a href=\"mailto:c.kitzmann@ifd-bonn.de\"><img loading=\"lazy\" decoding=\"async\" width=\"84\" height=\"118\" src=\"https:\/\/www.ifd-bonn.de\/wp-content\/uploads\/2020\/02\/kitzmann_christine-1.jpg\" alt=\"Frau Kitzmann\" class=\"wp-image-850\"\/><\/a><figcaption class=\"wp-element-caption\"><a href=\"mailto:c.kitzmann@ifd-bonn.de\">Frau Kitzmann<\/a><br>\nTel. 0228\/92685-224<br>Mobil 0162\/3604980<br>\nFax 0228\/92685-424<\/figcaption><\/figure>\n\n\n\n<figure class=\"wp-block-image size-large Kontaktperson\"><a href=\"mailto:j.moenig@ifd-bonn.de\"><img loading=\"lazy\" decoding=\"async\" width=\"83\" height=\"110\" src=\"https:\/\/www.ifd-bonn.de\/wp-content\/uploads\/2022\/07\/leer-frau-83x110-1.jpg\" alt=\"Frau M\u00f6nig\" class=\"wp-image-1534\"\/><\/a><figcaption class=\"wp-element-caption\"><a href=\"mailto:j.moenig@ifd-bonn.de\">Frau M\u00f6nig<\/a><br>\nTel. 0228\/92685-226<br>Mobil 0162\/3605564<br>\nFax 0228\/92685-426<\/figcaption><\/figure>\n\n\n\n<figure class=\"wp-block-image size-full Kontaktperson\"><a href=\"mailto:s.schreitmueller@ifd-bonn.de\"><img loading=\"lazy\" decoding=\"async\" width=\"80\" height=\"114\" src=\"https:\/\/www.ifd-bonn.de\/wp-content\/uploads\/2023\/10\/schreitmueller_klein-2.jpg\" alt=\"\" class=\"wp-image-1738\"\/><\/a><figcaption class=\"wp-element-caption\"><a href=\"mailto:s.schreitmueller@ifd-bonn.de\">Herr Schreitm\u00fcller<\/a><br>\nTel. 0228\/92685-218<br>Mobil 0162\/3621840<br>\nFax 0228\/92685-418<\/figcaption><\/figure>\n\n\n\n<figure class=\"wp-block-image size-full Kontaktperson\"><a href=\"mailto:e.tas@ifd-bonn.de\"><img loading=\"lazy\" decoding=\"async\" width=\"80\" height=\"120\" src=\"https:\/\/www.ifd-bonn.de\/wp-content\/uploads\/2024\/08\/tas_klein_sw.jpg\" alt=\"Frau Tas\" class=\"wp-image-1846\"\/><\/a><figcaption class=\"wp-element-caption\"><a href=\"mailto:e.tas@ifd-bonn.de\">Frau Tas<\/a><br>\nTel. 0228\/92685-219<br>Mobil 0162\/3621768 <br>\nFax 0228\/92685-419<\/figcaption><\/figure>\n\n\n\n\n\n<hr class=\"wp-block-separator has-css-opacity\"\/>\n\n\n\n<p><strong>Weitere Information zu KAoA-STAR und KAoA<\/strong> (Bitte Link oder Bild anklicken):<\/p>\n\n\n\n<p><a href=\"https:\/\/www.bo-brs.de\/schulen\">Berufsorientierung \/ KAoA-STAR<\/a><\/p>\n\n\n\n<p><a href=\"https:\/\/www.ifd-bonn.de\/wp-content\/uploads\/2022\/10\/2022_kaoa_STAR_flyer.pdf\">Flyer KAoA-STAR<\/a> <\/p>\n\n\n\n<p><a href=\"https:\/\/www.ifd-bonn.de\/wp-content\/uploads\/2022\/10\/2022_kaoa_STAR_flyer.pdf\"><img loading=\"lazy\" decoding=\"async\" width=\"100\" height=\"182\" class=\"wp-image-1582\" style=\"width: 100px;\" src=\"https:\/\/www.ifd-bonn.de\/wp-content\/uploads\/2022\/10\/2022_kaoa_star_flyer_titelbild-1-e1666247686212.jpg\" alt=\"\"><\/a><\/p>\n\n\n\n<p><\/p>\n\n\n\n\n\n<figure class=\"wp-block-image size-large\"><img loading=\"lazy\" decoding=\"async\" width=\"1024\" height=\"90\" src=\"https:\/\/www.ifd-bonn.de\/wp-content\/uploads\/2021\/03\/logo_kaoa_foerderhinweis-1024x90.jpg\" alt=\"\" class=\"wp-image-1157\" srcset=\"https:\/\/www.ifd-bonn.de\/wp-content\/uploads\/2021\/03\/logo_kaoa_foerderhinweis-1024x90.jpg 1024w, https:\/\/www.ifd-bonn.de\/wp-content\/uploads\/2021\/03\/logo_kaoa_foerderhinweis-300x26.jpg 300w, https:\/\/www.ifd-bonn.de\/wp-content\/uploads\/2021\/03\/logo_kaoa_foerderhinweis-768x68.jpg 768w, https:\/\/www.ifd-bonn.de\/wp-content\/uploads\/2021\/03\/logo_kaoa_foerderhinweis-1200x106.jpg 1200w, https:\/\/www.ifd-bonn.de\/wp-content\/uploads\/2021\/03\/logo_kaoa_foerderhinweis.jpg 1386w\" sizes=\"auto, (max-width: 709px) 85vw, (max-width: 909px) 67vw, (max-width: 1362px) 62vw, 840px\" \/><\/figure>\n\n\n\n<p><\/p>\n","protected":false},"excerpt":{"rendered":"<p>Starthilfe in das Berufsleben: KAoA &#8211; STAR Unter dem Dach des Landesvorhabens \u201eKein Abschluss ohne Anschluss&#8220; (KAoA) und dem darin fest verankertem Bestandteil \u201eSTAR \u2013 Schule trifft Arbeitswelt\u201c bietet der IFD als Dienstleister den F\u00f6rderschulen als auch den Schulen des Gemeinsamen Lernens Unterst\u00fctzung bei der Berufsorientierung. Ziel ist es, jungen Menschen mit Behinderung M\u00f6glichkeiten zu &hellip; <a href=\"https:\/\/www.ifd-bonn.de\/?page_id=168\" class=\"more-link\"><span class=\"screen-reader-text\">\u201e\u00dcbergang Schule \/ Beruf\u201c<\/span> weiterlesen<\/a><\/p>\n","protected":false},"author":2,"featured_media":0,"parent":0,"menu_order":0,"comment_status":"closed","ping_status":"closed","template":"","meta":{"footnotes":""},"class_list":["post-168","page","type-page","status-publish","hentry"],"_links":{"self":[{"href":"https:\/\/www.ifd-bonn.de\/index.php?rest_route=\/wp\/v2\/pages\/168","targetHints":{"allow":["GET"]}}],"collection":[{"href":"https:\/\/www.ifd-bonn.de\/index.php?rest_route=\/wp\/v2\/pages"}],"about":[{"href":"https:\/\/www.ifd-bonn.de\/index.php?rest_route=\/wp\/v2\/types\/page"}],"author":[{"embeddable":true,"href":"https:\/\/www.ifd-bonn.de\/index.php?rest_route=\/wp\/v2\/users\/2"}],"replies":[{"embeddable":true,"href":"https:\/\/www.ifd-bonn.de\/index.php?rest_route=%2Fwp%2Fv2%2Fcomments&post=168"}],"version-history":[{"count":122,"href":"https:\/\/www.ifd-bonn.de\/index.php?rest_route=\/wp\/v2\/pages\/168\/revisions"}],"predecessor-version":[{"id":1945,"href":"https:\/\/www.ifd-bonn.de\/index.php?rest_route=\/wp\/v2\/pages\/168\/revisions\/1945"}],"wp:attachment":[{"href":"https:\/\/www.ifd-bonn.de\/index.php?rest_route=%2Fwp%2Fv2%2Fmedia&parent=168"}],"curies":[{"name":"wp","href":"https:\/\/api.w.org\/{rel}","templated":true}]}}