{"id":171,"date":"2019-04-08T16:37:46","date_gmt":"2019-04-08T14:37:46","guid":{"rendered":"http:\/\/ifd.function.de\/?page_id=171"},"modified":"2025-11-04T14:41:08","modified_gmt":"2025-11-04T13:41:08","slug":"uebergang-wfbm-arbeitsmarkt","status":"publish","type":"page","link":"https:\/\/www.ifd-bonn.de\/?page_id=171","title":{"rendered":"\u00dcbergang WfbM \/ Arbeitsmarkt"},"content":{"rendered":"\n<p>Ein weiterer wesentlicher Aufgabenbereich des IFD ist die Beratung von Mitarbeitern einer Werkstatt f\u00fcr Menschen mit Behinderung (WfbM). Der IFD begleitet gemeinsam mit der jeweiligen Werkstatt Praktika auf dem allgemeinen Arbeitsmarkt und unterst\u00fctzt bei der Suche nach einem passenden Arbeitsplatz. Zwischen dem IFD und den regionalen WfbM sind Vereinbarungen getroffen worden, die die Zusammenarbeit regeln.<\/p>\n\n\n\n\n\n<h5 class=\"wp-block-heading\"><strong>F\u00fcr Mitarbeiter einer Werkstatt f\u00fcr Menschen mit Behinderung <br>in Bonn oder dem Rhein-Sieg-Kreis<\/strong><\/h5>\n\n\n\n<figure class=\"wp-block-image size-full Kontaktperson\"><a href=\"mailto:l.held@ifd-bonn.de\"><img loading=\"lazy\" decoding=\"async\" width=\"80\" height=\"121\" src=\"https:\/\/www.ifd-bonn.de\/wp-content\/uploads\/2025\/04\/held_klein.jpg\" alt=\"Herr Held\" class=\"wp-image-1910\"\/><\/a><figcaption class=\"wp-element-caption\"><a href=\"mailto:l.held@ifd-bonn.de\">Herr Held<\/a><br>\nTel. 0228\/92685-217<br>Mobil 0170\/8510293<br>\nFax 0228\/92685-417<\/figcaption><\/figure>\n\n\n\n<figure class=\"wp-block-image size-full Kontaktperson\"><a href=\"mailto:i.seidl@ifd-bonn.de\"><img loading=\"lazy\" decoding=\"async\" width=\"82\" height=\"123\" src=\"https:\/\/www.ifd-bonn.de\/wp-content\/uploads\/2019\/03\/seidl-ines.jpg\" alt=\"Frau Seidl\" class=\"wp-image-141\"\/><\/a><figcaption class=\"wp-element-caption\"><a href=\"mailto:i.seidl@ifd-bonn.de\">Frau Seidl<\/a><br>\nTel. 0228\/92685-229<br>Mobil 0162\/3622127<br>\nFax 0228\/92685-429<\/figcaption><\/figure>\n\n\n\n<figure class=\"wp-block-image size-full Kontaktperson\"><a href=\"mailto:d.zoellner@ifd-bonn.de\"><img loading=\"lazy\" decoding=\"async\" width=\"83\" height=\"122\" src=\"https:\/\/www.ifd-bonn.de\/wp-content\/uploads\/2019\/07\/stotzem-denise.jpg\" alt=\"Frau Z\u00f6llner\" class=\"wp-image-624\"\/><\/a><figcaption class=\"wp-element-caption\"><a href=\"mailto:d.zoellner@ifd-bonn.de\">Frau Z\u00f6llner<\/a><br>\nTel. 0228\/92685-225<br>Mobil 0162\/3605488<br>\nFax 0228\/92685-425<\/figcaption><\/figure>\n\n\n\n<p><\/p>\n\n\n\n<p><\/p>\n\n\n\n<p><\/p>\n\n\n\n\n\n\n\n<p>Sie k\u00f6nnen sich hier das Faltblatt <a href=\"http:\/\/www.ifd-bonn.de\/wp-content\/uploads\/2019\/04\/mein-neuer-arbeitsplatz.pdf\">&#8222;Mein neuer Arbeits-Platz&#8220;<\/a> &#8211; eine Information in leichter Sprache &#8211; ansehen.<\/p>\n\n\n\n<p>Das LVR-Inklusionsamt f\u00f6rdert und unterst\u00fctzt die \u00dcberg\u00e4nge von Menschen mit Behinderung auf den allgemeinen Arbeitsmarkt. Hierzu gibt es f\u00fcr Arbeitgeber und Interessierte den Film &#8222;Chancen bieten &#8211; Chancen nutzen&#8220; auf der hier hinterlegten <a href=\"https:\/\/www.lvr.de\/de\/nav_main\/metanavigation_5\/nav_meta\/service\/video\/soziales_3\/video_5.jsp\">Internetseite des LVR.<\/a><\/p>\n","protected":false},"excerpt":{"rendered":"<p>Ein weiterer wesentlicher Aufgabenbereich des IFD ist die Beratung von Mitarbeitern einer Werkstatt f\u00fcr Menschen mit Behinderung (WfbM). Der IFD begleitet gemeinsam mit der jeweiligen Werkstatt Praktika auf dem allgemeinen Arbeitsmarkt und unterst\u00fctzt bei der Suche nach einem passenden Arbeitsplatz. Zwischen dem IFD und den regionalen WfbM sind Vereinbarungen getroffen worden, die die Zusammenarbeit regeln. &hellip; <a href=\"https:\/\/www.ifd-bonn.de\/?page_id=171\" class=\"more-link\"><span class=\"screen-reader-text\">\u201e\u00dcbergang WfbM \/ Arbeitsmarkt\u201c<\/span> weiterlesen<\/a><\/p>\n","protected":false},"author":2,"featured_media":0,"parent":0,"menu_order":0,"comment_status":"closed","ping_status":"closed","template":"","meta":{"footnotes":""},"class_list":["post-171","page","type-page","status-publish","hentry"],"_links":{"self":[{"href":"https:\/\/www.ifd-bonn.de\/index.php?rest_route=\/wp\/v2\/pages\/171","targetHints":{"allow":["GET"]}}],"collection":[{"href":"https:\/\/www.ifd-bonn.de\/index.php?rest_route=\/wp\/v2\/pages"}],"about":[{"href":"https:\/\/www.ifd-bonn.de\/index.php?rest_route=\/wp\/v2\/types\/page"}],"author":[{"embeddable":true,"href":"https:\/\/www.ifd-bonn.de\/index.php?rest_route=\/wp\/v2\/users\/2"}],"replies":[{"embeddable":true,"href":"https:\/\/www.ifd-bonn.de\/index.php?rest_route=%2Fwp%2Fv2%2Fcomments&post=171"}],"version-history":[{"count":38,"href":"https:\/\/www.ifd-bonn.de\/index.php?rest_route=\/wp\/v2\/pages\/171\/revisions"}],"predecessor-version":[{"id":1943,"href":"https:\/\/www.ifd-bonn.de\/index.php?rest_route=\/wp\/v2\/pages\/171\/revisions\/1943"}],"wp:attachment":[{"href":"https:\/\/www.ifd-bonn.de\/index.php?rest_route=%2Fwp%2Fv2%2Fmedia&parent=171"}],"curies":[{"name":"wp","href":"https:\/\/api.w.org\/{rel}","templated":true}]}}