{"id":174,"date":"2019-04-08T16:38:47","date_gmt":"2019-04-08T14:38:47","guid":{"rendered":"http:\/\/ifd.function.de\/?page_id=174"},"modified":"2026-03-18T11:21:25","modified_gmt":"2026-03-18T10:21:25","slug":"fuer-menschen-mit-einer-hoerbehinderung","status":"publish","type":"page","link":"https:\/\/www.ifd-bonn.de\/?page_id=174","title":{"rendered":"F\u00fcr Menschen mit H\u00f6rbehinderung"},"content":{"rendered":"\n<p>Der IFD unterst\u00fctzt geh\u00f6rlose und schwerh\u00f6rige Arbeitnehmer sowie deren Arbeitgeber. Er ber\u00e4t Sie zu allen Themen des Arbeitslebens, auch in Geb\u00e4rdensprache. Zum Aufgabenbereich geh\u00f6ren insbesondere<\/p>\n\n\n\n<ul class=\"wp-block-list\">\n<li>Beratung zu technischen Hilfsmitteln<\/li>\n\n\n\n<li>Unterst\u00fctzung bei der H\u00f6rger\u00e4tefinanzierung<\/li>\n\n\n\n<li>Information \u00fcber die Auswirkungen von H\u00f6rsch\u00e4digungen f\u00fcr Betroffene und Arbeitgeber<\/li>\n\n\n\n<li>Informationsveranstaltungen und Kommunikationsschulungen in Betrieben<\/li>\n\n\n\n<li>Psychologische Beratung f\u00fcr geh\u00f6rlose Arbeitnehmer<\/li>\n<\/ul>\n\n\n\n\n\n<p>Weitere Information finden Sie \u00fcber diesen Link \u201e<a href=\"http:\/\/www.ifd-bonn.de\/?page_id=162\">Begleitung \/ Sicherung<\/a>\u201c.<br><\/p>\n\n\n\n\n\n<p><strong>Die Beratung wird durchgef\u00fchrt von den Fachberaterinnen<\/strong><br><strong>aus dem Bereich <\/strong><a href=\"http:\/\/www.ifd-bonn.de\/?page_id=162\">Berufsbegleitung \/ Sicherung<\/a>:<\/p>\n\n\n\n<figure class=\"wp-block-image size-full Kontaktperson\"><a href=\"mailto:a.bornkessel@ifd-hoeren.de\"><img loading=\"lazy\" decoding=\"async\" width=\"86\" height=\"112\" src=\"https:\/\/www.ifd-bonn.de\/wp-content\/uploads\/2023\/10\/kann_klein-1.jpg\" alt=\"Frau Bornkessel\" class=\"wp-image-1744\"\/><\/a><figcaption class=\"wp-element-caption\"><a href=\"mailto:a.bornkessel@ifd-hoeren.de\">Frau Bornkessel<\/a><br>\nTel. 0228\/92685-223<br>Mobil 0176\/10800236<br>\nFax 0228\/92685-423<\/figcaption><\/figure>\n\n\n\n<figure class=\"wp-block-image Kontaktperson\"><a class=\"Bildlink\" href=\"mailto:c.kauth@ifd-hoeren.de\"><img loading=\"lazy\" decoding=\"async\" width=\"85\" height=\"117\" src=\"http:\/\/www.ifd-bonn.de\/wp-content\/uploads\/2020\/07\/kauth_christine-1.jpg\" alt=\"Frau Kauth\" class=\"wp-image-939\"\/><\/a><figcaption class=\"wp-element-caption\"><a href=\"mailto:c.kauth@ifd-hoeren.de\">Frau Kauth<\/a><br> Tel. 0228\/92685-222<br>Mobil 0157\/34525010 <br> Fax 0228\/92685-422<\/figcaption><\/figure>\n\n\n\n<figure class=\"wp-block-image size-full Kontaktperson\"><a class=\"Bildlink\" href=\"mailto:s.urich@ifd-hoeren.de\"><img loading=\"lazy\" decoding=\"async\" width=\"86\" height=\"115\" src=\"https:\/\/www.ifd-bonn.de\/wp-content\/uploads\/2021\/02\/dedenbach_sarah-1-e1612854877848.jpg\" alt=\"Frau Urich\" class=\"wp-image-1101\"\/><\/a><figcaption class=\"wp-element-caption\"><a href=\"mailto:s.urich@ifd-hoeren.de\">Frau Urich<\/a><br>Tel. 0228\/92685-220<br>Mobil 0163\/1976211 <br>Fax 0228\/92685-420<\/figcaption><\/figure>\n\n\n\n\n\n<p><strong>Ansprechpartner f\u00fcr eine psychologische Beratung <br>geh\u00f6rloser Arbeitnehmer<\/strong>:<\/p>\n\n\n\n<p><a href=\"mailto:f.karstens@ifd-koeln.de\">Herr Karstens<\/a><br>Tel. 0221\/2943-108<br>Mobil 0172\/2760726<\/p>\n\n\n\n<p>Integrationsfachdienst K\u00f6ln gGmbH<br>Lupusstra\u00dfe 22<br>50670 K\u00f6ln <\/p>\n\n\n\n\n\n<p><strong>F\u00fcr arbeitsuchende Menschen mit Schwerh\u00f6rigkeit oder Geh\u00f6rlosigkeit <br>ist Ihre Ansprechpartnerin:<\/strong><\/p>\n\n\n\n<figure class=\"wp-block-image size-full Kontaktperson\"><a href=\"mailto:s.berg@ifd-hoeren.de\"><img loading=\"lazy\" decoding=\"async\" width=\"86\" height=\"115\" src=\"https:\/\/www.ifd-bonn.de\/wp-content\/uploads\/2024\/11\/berg_sina_klein_sw-rotated.jpg\" alt=\"Frau Berg\" class=\"wp-image-1882\"\/><\/a><figcaption class=\"wp-element-caption\"><a href=\"mailto:s.berg@ifd-hoeren.de\">Frau Berg<\/a><br>\nTel. 0221\/2943-206<br>Mobil 0176\/10802596<br>\nFax 0221\/2943-500<\/figcaption><\/figure>\n\n\n\n<p>Integrationsfachdienst K\u00f6ln gGmbH<br>Lupusstra\u00dfe 22<br>50670 K\u00f6ln <\/p>\n\n\n\n\n\n<p><strong>Weitere Informationen &#8211; auch in Geb\u00e4rdensprache &#8211; k\u00f6nnen Sie \u00fcber diesen Link erhalten:<\/strong><\/p>\n\n\n\n<p><a href=\"https:\/\/rheinland.ifd-koeln.de\">https:\/\/rheinland.ifd-koeln.de<\/a><\/p>\n","protected":false},"excerpt":{"rendered":"<p>Der IFD unterst\u00fctzt geh\u00f6rlose und schwerh\u00f6rige Arbeitnehmer sowie deren Arbeitgeber. Er ber\u00e4t Sie zu allen Themen des Arbeitslebens, auch in Geb\u00e4rdensprache. Zum Aufgabenbereich geh\u00f6ren insbesondere Weitere Information finden Sie \u00fcber diesen Link \u201eBegleitung \/ Sicherung\u201c. Die Beratung wird durchgef\u00fchrt von den Fachberaterinnenaus dem Bereich Berufsbegleitung \/ Sicherung: Ansprechpartner f\u00fcr eine psychologische Beratung geh\u00f6rloser Arbeitnehmer: Herr &hellip; <a href=\"https:\/\/www.ifd-bonn.de\/?page_id=174\" class=\"more-link\"><span class=\"screen-reader-text\">\u201eF\u00fcr Menschen mit H\u00f6rbehinderung\u201c<\/span> weiterlesen<\/a><\/p>\n","protected":false},"author":2,"featured_media":0,"parent":0,"menu_order":0,"comment_status":"closed","ping_status":"closed","template":"","meta":{"footnotes":""},"class_list":["post-174","page","type-page","status-publish","hentry"],"_links":{"self":[{"href":"https:\/\/www.ifd-bonn.de\/index.php?rest_route=\/wp\/v2\/pages\/174","targetHints":{"allow":["GET"]}}],"collection":[{"href":"https:\/\/www.ifd-bonn.de\/index.php?rest_route=\/wp\/v2\/pages"}],"about":[{"href":"https:\/\/www.ifd-bonn.de\/index.php?rest_route=\/wp\/v2\/types\/page"}],"author":[{"embeddable":true,"href":"https:\/\/www.ifd-bonn.de\/index.php?rest_route=\/wp\/v2\/users\/2"}],"replies":[{"embeddable":true,"href":"https:\/\/www.ifd-bonn.de\/index.php?rest_route=%2Fwp%2Fv2%2Fcomments&post=174"}],"version-history":[{"count":58,"href":"https:\/\/www.ifd-bonn.de\/index.php?rest_route=\/wp\/v2\/pages\/174\/revisions"}],"predecessor-version":[{"id":2012,"href":"https:\/\/www.ifd-bonn.de\/index.php?rest_route=\/wp\/v2\/pages\/174\/revisions\/2012"}],"wp:attachment":[{"href":"https:\/\/www.ifd-bonn.de\/index.php?rest_route=%2Fwp%2Fv2%2Fmedia&parent=174"}],"curies":[{"name":"wp","href":"https:\/\/api.w.org\/{rel}","templated":true}]}}