{"id":184,"date":"2019-04-08T16:42:56","date_gmt":"2019-04-08T14:42:56","guid":{"rendered":"http:\/\/ifd.function.de\/?page_id=184"},"modified":"2019-10-29T14:54:39","modified_gmt":"2019-10-29T13:54:39","slug":"traegerverbund-des-ifd","status":"publish","type":"page","link":"https:\/\/www.ifd-bonn.de\/?page_id=184","title":{"rendered":"Tr\u00e4gerverbund des IFD"},"content":{"rendered":"\n<figure class=\"wp-block-image\"><img loading=\"lazy\" decoding=\"async\" width=\"960\" height=\"720\" src=\"http:\/\/www.ifd-bonn.de\/wp-content\/uploads\/2019\/08\/traegerverbund-ifd-1.jpg\" alt=\"\" class=\"wp-image-705\" srcset=\"https:\/\/www.ifd-bonn.de\/wp-content\/uploads\/2019\/08\/traegerverbund-ifd-1.jpg 960w, https:\/\/www.ifd-bonn.de\/wp-content\/uploads\/2019\/08\/traegerverbund-ifd-1-300x225.jpg 300w, https:\/\/www.ifd-bonn.de\/wp-content\/uploads\/2019\/08\/traegerverbund-ifd-1-768x576.jpg 768w\" sizes=\"auto, (max-width: 709px) 85vw, (max-width: 909px) 67vw, (max-width: 1362px) 62vw, 840px\" \/><\/figure>\n\n\n\n<p>Der Integrationsfachdienst  Bonn\/Rhein-Sieg-Kreis ist ein Verbund  von regional und \u00fcberregional t\u00e4tigen Tr\u00e4gern. <\/p>\n\n\n\n<p>Die Beteiligten des Verbundes sind: die <a href=\"https:\/\/www.gemeindepsychiatrie.de\/\">Gemeindepsychiatrie Bonn-Rhein-Sieg gGmbH<\/a>, der <a href=\"https:\/\/www.ifd-koeln.de\/\">Integrationsfachdienst K\u00f6ln gGmbH<\/a>, der <a href=\"https:\/\/www.a-s-b.eu\/\">Arbeiter-Samariter- Bund Bonn\/Rhein-Sieg\/Eifel e.V.<\/a> und als Haupttr\u00e4ger die <a href=\"http:\/\/www.insel-ev.org\">Initiative selbst\u00e4ndiges Leben INSEL e.V.<\/a> sowie als Kooperationspartner der  <a href=\"https:\/\/www.bsv-nordrhein.de\/\">Blinden- und Sehbehinderten-Verband Nordrhein e.V.<\/a> <\/p>\n","protected":false},"excerpt":{"rendered":"<p>Der Integrationsfachdienst Bonn\/Rhein-Sieg-Kreis ist ein Verbund von regional und \u00fcberregional t\u00e4tigen Tr\u00e4gern. Die Beteiligten des Verbundes sind: die Gemeindepsychiatrie Bonn-Rhein-Sieg gGmbH, der Integrationsfachdienst K\u00f6ln gGmbH, der Arbeiter-Samariter- Bund Bonn\/Rhein-Sieg\/Eifel e.V. und als Haupttr\u00e4ger die Initiative selbst\u00e4ndiges Leben INSEL e.V. sowie als Kooperationspartner der Blinden- und Sehbehinderten-Verband Nordrhein e.V.<\/p>\n","protected":false},"author":2,"featured_media":0,"parent":0,"menu_order":0,"comment_status":"closed","ping_status":"closed","template":"","meta":{"footnotes":""},"class_list":["post-184","page","type-page","status-publish","hentry"],"_links":{"self":[{"href":"https:\/\/www.ifd-bonn.de\/index.php?rest_route=\/wp\/v2\/pages\/184","targetHints":{"allow":["GET"]}}],"collection":[{"href":"https:\/\/www.ifd-bonn.de\/index.php?rest_route=\/wp\/v2\/pages"}],"about":[{"href":"https:\/\/www.ifd-bonn.de\/index.php?rest_route=\/wp\/v2\/types\/page"}],"author":[{"embeddable":true,"href":"https:\/\/www.ifd-bonn.de\/index.php?rest_route=\/wp\/v2\/users\/2"}],"replies":[{"embeddable":true,"href":"https:\/\/www.ifd-bonn.de\/index.php?rest_route=%2Fwp%2Fv2%2Fcomments&post=184"}],"version-history":[{"count":13,"href":"https:\/\/www.ifd-bonn.de\/index.php?rest_route=\/wp\/v2\/pages\/184\/revisions"}],"predecessor-version":[{"id":764,"href":"https:\/\/www.ifd-bonn.de\/index.php?rest_route=\/wp\/v2\/pages\/184\/revisions\/764"}],"wp:attachment":[{"href":"https:\/\/www.ifd-bonn.de\/index.php?rest_route=%2Fwp%2Fv2%2Fmedia&parent=184"}],"curies":[{"name":"wp","href":"https:\/\/api.w.org\/{rel}","templated":true}]}}