{"id":200,"date":"2019-04-08T16:50:20","date_gmt":"2019-04-08T14:50:20","guid":{"rendered":"http:\/\/ifd.function.de\/?page_id=200"},"modified":"2021-02-11T13:18:00","modified_gmt":"2021-02-11T12:18:00","slug":"ihre-meinung-ist-gefragt","status":"publish","type":"page","link":"https:\/\/www.ifd-bonn.de\/?page_id=200","title":{"rendered":"Ihre Meinung ist gefragt"},"content":{"rendered":"\n<p><strong>Wir bedanken uns f\u00fcr Ihre Anregungen!<br><\/strong><\/p>\n\n\n\n<p>Sie k\u00f6nnen sich gerne bei Fragen und R\u00fcckmeldungen zur Arbeit des IFD an die Fachaufsicht, Frau Gr\u00e4f-Schmaljohann, wenden. Sie wird sich Ihrem Anliegen annehmen. Bitte nehmen Sie per E-Mail Kontakt mit ihr auf: <\/p>\n\n\n\n<p><a href=\"mailto:b.graef-schmaljohann@ifd-bonn.de\">b.graef-schmaljohann@ifd-bonn.de<\/a><\/p>\n","protected":false},"excerpt":{"rendered":"<p>Wir bedanken uns f\u00fcr Ihre Anregungen! Sie k\u00f6nnen sich gerne bei Fragen und R\u00fcckmeldungen zur Arbeit des IFD an die Fachaufsicht, Frau Gr\u00e4f-Schmaljohann, wenden. Sie wird sich Ihrem Anliegen annehmen. Bitte nehmen Sie per E-Mail Kontakt mit ihr auf: b.graef-schmaljohann@ifd-bonn.de<\/p>\n","protected":false},"author":2,"featured_media":0,"parent":0,"menu_order":0,"comment_status":"closed","ping_status":"closed","template":"","meta":{"footnotes":""},"class_list":["post-200","page","type-page","status-publish","hentry"],"_links":{"self":[{"href":"https:\/\/www.ifd-bonn.de\/index.php?rest_route=\/wp\/v2\/pages\/200","targetHints":{"allow":["GET"]}}],"collection":[{"href":"https:\/\/www.ifd-bonn.de\/index.php?rest_route=\/wp\/v2\/pages"}],"about":[{"href":"https:\/\/www.ifd-bonn.de\/index.php?rest_route=\/wp\/v2\/types\/page"}],"author":[{"embeddable":true,"href":"https:\/\/www.ifd-bonn.de\/index.php?rest_route=\/wp\/v2\/users\/2"}],"replies":[{"embeddable":true,"href":"https:\/\/www.ifd-bonn.de\/index.php?rest_route=%2Fwp%2Fv2%2Fcomments&post=200"}],"version-history":[{"count":2,"href":"https:\/\/www.ifd-bonn.de\/index.php?rest_route=\/wp\/v2\/pages\/200\/revisions"}],"predecessor-version":[{"id":1113,"href":"https:\/\/www.ifd-bonn.de\/index.php?rest_route=\/wp\/v2\/pages\/200\/revisions\/1113"}],"wp:attachment":[{"href":"https:\/\/www.ifd-bonn.de\/index.php?rest_route=%2Fwp%2Fv2%2Fmedia&parent=200"}],"curies":[{"name":"wp","href":"https:\/\/api.w.org\/{rel}","templated":true}]}}