{"id":206,"date":"2019-04-08T16:52:43","date_gmt":"2019-04-08T14:52:43","guid":{"rendered":"http:\/\/ifd.function.de\/?page_id=206"},"modified":"2024-07-17T16:14:24","modified_gmt":"2024-07-17T14:14:24","slug":"datenschutzerklaerung","status":"publish","type":"page","link":"https:\/\/www.ifd-bonn.de\/?page_id=206","title":{"rendered":"Datenschutzerkl\u00e4rung"},"content":{"rendered":"\n<h2 class=\"wp-block-heading\"><strong>Datenschutzerkl\u00e4rung des Integrationsfachdienstes Bonn\/Rhein-Sieg (IFD)<\/strong><\/h2>\n\n\n\n<p><strong>1. Allgemeines<\/strong><\/p>\n\n\n\n<p>In dieser Datenschutzerkl\u00e4rung informieren wir Sie \u00fcber die Erhebung personenbezogener Daten bei Nutzung unserer Website. Personenbezogene Daten sind alle Daten, mit denen sie pers\u00f6nlich identifiziert werden k\u00f6nnen, z.B. Name, (E-Mail-)Adresse und IP-Adresse.<\/p>\n\n\n\n<p>Betreiber und Verantwortlicher dieser Website gem\u00e4\u00df Art. 4 Abs. 7 Datenschutzgrundverordnung (DSGVO) ist der INSEL e.V. als Haupttr\u00e4ger des IFD. Kontakt:<\/p>\n\n\n\n<p>Integrationsfachdienst Bonn\/Rhein-Sieg, Maximilianstr. 22, 53111 Bonn<br>Telefon: 0228\/926850<br>E-Mail: ifd@ifd-bonn.de<\/p>\n\n\n\n<p><strong>2. Kontaktaufnahme (Telefon, E-Mail oder Kontaktformular)<\/strong><\/p>\n\n\n\n<p>Nehmen Sie mit uns telefonisch, per E-Mail oder unser Kontaktformular auf unserer Homepage auf, werden die \u00fcbertragenen Daten (insbesondere Name, Anschrift, Telefonnummer, E-Mail-Adresse) erfasst, um zu wissen, von wem die Anfrage stammt, um diese an den zust\u00e4ndigen Fachberater weiterleiten zu k\u00f6nnen. Die Datenverarbeitung im Zusammenhang mit Ihrer Kontaktaufnahme beruht auf Ihrer Einwilligung nach Art. 6 Abs. 1 S. 1a DSGVO. Wir machen Sie darauf aufmerksam, dass uns die Sicherheit Ihrer Daten wichtig ist. Nichtsdestotrotz ist ein l\u00fcckenloser Schutz Ihrer Daten bei deren \u00dcbertragung im Internet, insbesondere per E-Mail, nicht zu gew\u00e4hrleisten.<\/p>\n\n\n\n<p>Die f\u00fcr die Kontaktaufnahme mit uns erhobenen Daten werden nach Erledigung datenschutzkonform gel\u00f6scht. Ihre Daten werden nicht an Dritte weitergegeben mit Ausnahme:<\/p>\n\n\n\n<ul class=\"wp-block-list\">\n<li>Erteilung Ihrer ausdr\u00fcckliche Einwilligung gem\u00e4\u00df Art. 6 Abs. 1 S.1a DSGVO<\/li>\n\n\n\n<li>Zur Geltendmachung, Aus\u00fcbung oder Verteidigung von Rechtsanspr\u00fcchen ohne Grund zur Annahme, dass Sie ein \u00fcberwiegendes schutzw\u00fcrdiges Interesse an der Nichtweitergabe Ihrer Daten haben gem\u00e4\u00df Art. 6 Abs. 1 S. 1f DSGVO<\/li>\n\n\n\n<li>Bestehen einer gesetzlichen Verpflichtung gem\u00e4\u00df Art. 6 Abs. 1 S. 1c DSGVO<\/li>\n\n\n\n<li>Bei gesetzlicher Zul\u00e4ssigkeit und Erforderlichkeit f\u00fcr die Abwicklung von Vertragsverh\u00e4ltnissen mit Ihnen gem. Art. 6 Abs. 1 S. 1b DSGVO.<\/li>\n<\/ul>\n\n\n\n<p><strong>3. Recht auf Auskunft, Sperrung und L\u00f6schung<\/strong><\/p>\n\n\n\n<p>Sie k\u00f6nnen jederzeit unentgeltlich Auskunft \u00fcber Ihre gespeicherten personenbezogenen Daten verlangen. Dazu geh\u00f6rt auch die Herkunft ihrer Daten sowie der Zweck der Datenverarbeitung und deren Empf\u00e4nger. Bei Fragen hierzu oder sollten Sie ein Recht auf Berichtigung, Sperrung oder L\u00f6schung geltend machen, k\u00f6nnen Sie sich an uns \u00fcber die im Impressum genannten Kontaktm\u00f6glichkeiten wenden. &nbsp;<\/p>\n\n\n\n<p><strong>4. Ihre weiteren Rechte<\/strong><\/p>\n\n\n\n<p>Sie k\u00f6nnen jederzeit Ihre Einwilligung zu einem Datenverarbeitungsvorgang f\u00fcr die Zukunft widerrufen (Art. 7 Abs. 3 DSGVO). Schreiben Sie uns hierf\u00fcr eine formlose E-Mail, \u00fcber unser Kontaktformular auf unserer Homepage oder per Post. Die bisherige Datenverarbeitung bleibt bis zum Zeitpunkt der Widerrufserkl\u00e4rung rechtm\u00e4\u00dfig. Zum Zeitpunkt der Erkl\u00e4rung werden wir die Datenverarbeitung beenden.<\/p>\n\n\n\n<p>Daten, die Sie uns bereitgestellt haben k\u00f6nnen Sie an sich oder einen Dritten in einem strukturierten, g\u00e4ngigen, maschinenlesbaren Format \u00fcbertragen lassen (Art. 20 DSGVO).<\/p>\n\n\n\n<p>Sie haben das Recht auf Beschwerde bei der zust\u00e4ndigen Aufsichtsbeh\u00f6rde (Art. 77 DSGVO). Wenden Sie sich hierf\u00fcr an den Landesbeauftragten f\u00fcr Datenschutz und Informationsfreiheit Nordrhein-Westfalen:<\/p>\n\n\n\n<p>www.ldi.nrw.de<\/p>\n\n\n\n<p><strong>5. Nutzung unserer Website\/Einsatz von Cookies<\/strong><\/p>\n\n\n\n<p>Durch den blo\u00dfen Besuch unserer Website werden nur diejenigen personenbezogenen Daten automatisiert erhoben, die Ihr Browser an unseren Server \u00fcbermittelt. Diese Daten werden in einem \u201eLogfile\u201c tempor\u00e4r gespeichert, ohne R\u00fcckschl\u00fcsse auf Ihre Person zu ziehen:<\/p>\n\n\n\n<ul class=\"wp-block-list\">\n<li>IP-Adresse<\/li>\n\n\n\n<li>Datum und Uhrzeit der Anfrage<\/li>\n\n\n\n<li>Zeitzonendifferenz zur Greenwich Mean Time (GMT)<\/li>\n\n\n\n<li>Konkret besuchte Seiten<\/li>\n\n\n\n<li>Zugriffsstatus\/http-Statuscode<\/li>\n\n\n\n<li>\u00dcbermittelte Datenmenge<\/li>\n\n\n\n<li>Anfragende Website<\/li>\n\n\n\n<li>Browser<\/li>\n\n\n\n<li>Betriebssystem und Oberfl\u00e4che<\/li>\n\n\n\n<li>Sprache und Version der Browsersoftware.<\/li>\n<\/ul>\n\n\n\n<p>Berechtigter Zweck dieser Datenverarbeitung gem\u00e4\u00df Art. 6 Abs. 1 S. 1f DSGVO ist der Aufbau eines reibungslosen Verbindungsaufbaus und eine bedienerfreundliche Nutzung unserer Website. Daneben werten wir die Systemsicherheit und \u2013stabilit\u00e4t aus und verfolgen im \u00dcbrigen administrative Zwecke.<\/p>\n\n\n\n<p>Unsere Website verwendet Cookies. Dabei handelt es sich um kleine Textdateien, welche auf Ihrem Endger\u00e4t gespeichert werden. Ihr Browser greift auf diese Dateien zu und wir erhalten durch die von uns gesetzten Cookies bestimmte Informationen. \u00dcber Cookies erhalten wir keine unmittelbare Kenntnis von Ihrer Identit\u00e4t. Durch den Einsatz von Cookies erh\u00f6ht sich die Benutzerfreundlichkeit und Sicherheit unserer Website. Cookies f\u00fchren keine Programme aus oder \u00fcbertragen Viren auf ihr Endger\u00e4t. Dementsprechend haben wir ein berechtigtes Interesse gem\u00e4\u00df Art. 6 Abs. 1 S. 1f DSGVO an der Nutzung von Cookies.<\/p>\n\n\n\n<p>Auf unserer Website verwenden wir \u201eSession-Cookies\u201c, die nach ihrem Besuch automatisch gel\u00f6scht werden. Andere von uns eingesetzte Cookies m\u00fcssen hingegen aktiv selbst gel\u00f6scht werden, sollen Sie nicht auf Ihrem Endger\u00e4t gespeichert bleiben. Durch die Cookies kann unsere Website ihren Browser wiedererkennen.<\/p>\n\n\n\n<p>G\u00e4ngige Browser bieten verschiedene Einstellungsoptionen, z.B. Cookies nicht zulassen oder Hinweis vor dem Anlegen eines neuen Cookies. Nehmen Sie insbesondere erstere Einstellung vor, k\u00f6nnen wir nicht gew\u00e4hrleisten, dass Sie auf alle Funktionen dieser Website ohne Einschr\u00e4nkungen zugreifen k\u00f6nnen.<\/p>\n\n\n\n<p><strong>6. Hinweis zur Datenweitergabe in die USA<\/strong><\/p>\n\n\n\n<p>In unserem Internetauftritt sind unter anderem Tools von Unternehmen mit Sitz in den USA eingebunden. Wenn diese Tools aktiv sind, k\u00f6nnen Ihre personenbezogenen Daten an die US-Server der jeweiligen Unternehmen weitergegeben werden. Wir weisen darauf hin, dass die USA kein sicherer Drittstaat im Sinne des EU-Datenschutzrechts sind. US-Unternehmen sind dazu verpflichtet, personenbezogene Daten an Sicherheitsbeh\u00f6rden herauszugeben, ohne dass Sie als Betroffener hiergegen gerichtlich vorgehen k\u00f6nnten. Es kann daher nicht ausgeschlossen werden, dass US-Beh\u00f6rden (z.B. Geheimdienste) Ihre auf US-Servern befindlichen Daten zu \u00dcberwachungszwecken verarbeiten, auswerten und dauerhaft speichern. Wir haben auf diese Verarbeitungst\u00e4tigkeiten keinen Einfluss.<\/p>\n\n\n\n<p><strong>7. Links auf Seiten anderer Webanbieter<\/strong><\/p>\n\n\n\n<p>Zu Informationszwecke bieten wir Links zu anderen Websitebetreiber an. Wenn Sie diese Links w\u00e4hlen, steht es au\u00dferhalb unseres Wirkkreises, welche personenbezogenen Daten durch diese Dritten erhoben werden. Deswegen \u00fcbernehmen wir hierf\u00fcr keine Verantwortung. Wollen Sie sich hier\u00fcber informieren, m\u00fcssen Sie die Datenschutzerkl\u00e4rung des Dritten einsehen.<\/p>\n\n\n\n<p><strong>8. Stand der Datenschutzerkl\u00e4rung<\/strong><\/p>\n\n\n\n<p>Unsere aktuelle Datenschutzerkl\u00e4rung hat den Stand Mai 2021. Aufgrund ge\u00e4nderter rechtlicher Vorgaben oder bei \u00c4nderung unserer Website bzw. unseres Angebotes ist es m\u00f6glich, dass unsere Datenschutzerkl\u00e4rung angepasst werden muss.<\/p>\n","protected":false},"excerpt":{"rendered":"<p>Datenschutzerkl\u00e4rung des Integrationsfachdienstes Bonn\/Rhein-Sieg (IFD) 1. Allgemeines In dieser Datenschutzerkl\u00e4rung informieren wir Sie \u00fcber die Erhebung personenbezogener Daten bei Nutzung unserer Website. Personenbezogene Daten sind alle Daten, mit denen sie pers\u00f6nlich identifiziert werden k\u00f6nnen, z.B. Name, (E-Mail-)Adresse und IP-Adresse. Betreiber und Verantwortlicher dieser Website gem\u00e4\u00df Art. 4 Abs. 7 Datenschutzgrundverordnung (DSGVO) ist der INSEL e.V. &hellip; <a href=\"https:\/\/www.ifd-bonn.de\/?page_id=206\" class=\"more-link\"><span class=\"screen-reader-text\">\u201eDatenschutzerkl\u00e4rung\u201c<\/span> weiterlesen<\/a><\/p>\n","protected":false},"author":2,"featured_media":0,"parent":0,"menu_order":0,"comment_status":"closed","ping_status":"closed","template":"","meta":{"footnotes":""},"class_list":["post-206","page","type-page","status-publish","hentry"],"_links":{"self":[{"href":"https:\/\/www.ifd-bonn.de\/index.php?rest_route=\/wp\/v2\/pages\/206","targetHints":{"allow":["GET"]}}],"collection":[{"href":"https:\/\/www.ifd-bonn.de\/index.php?rest_route=\/wp\/v2\/pages"}],"about":[{"href":"https:\/\/www.ifd-bonn.de\/index.php?rest_route=\/wp\/v2\/types\/page"}],"author":[{"embeddable":true,"href":"https:\/\/www.ifd-bonn.de\/index.php?rest_route=\/wp\/v2\/users\/2"}],"replies":[{"embeddable":true,"href":"https:\/\/www.ifd-bonn.de\/index.php?rest_route=%2Fwp%2Fv2%2Fcomments&post=206"}],"version-history":[{"count":9,"href":"https:\/\/www.ifd-bonn.de\/index.php?rest_route=\/wp\/v2\/pages\/206\/revisions"}],"predecessor-version":[{"id":1818,"href":"https:\/\/www.ifd-bonn.de\/index.php?rest_route=\/wp\/v2\/pages\/206\/revisions\/1818"}],"wp:attachment":[{"href":"https:\/\/www.ifd-bonn.de\/index.php?rest_route=%2Fwp%2Fv2%2Fmedia&parent=206"}],"curies":[{"name":"wp","href":"https:\/\/api.w.org\/{rel}","templated":true}]}}