{"id":9,"date":"2018-12-08T09:00:41","date_gmt":"2018-12-08T08:00:41","guid":{"rendered":"http:\/\/ifd.function.de\/?page_id=9"},"modified":"2026-01-05T08:25:19","modified_gmt":"2026-01-05T07:25:19","slug":"willkommen","status":"publish","type":"page","link":"https:\/\/www.ifd-bonn.de\/","title":{"rendered":"Der Integrationsfachdienst Bonn\/Rhein-Sieg (IFD)"},"content":{"rendered":"\n<p>Der <strong>Integrationsfachdienst Bonn\/Rhein-Sieg (IFD)<\/strong> ist eine Fachberatungsstelle f\u00fcr Menschen mit Behinderung rund um die Teilhabe am Arbeitsleben.<\/p>\n\n\n\n<p>Der IFD arbeitet im Auftrag des LVR-Inklusionsamtes und bei Bedarf mit der Agentur f\u00fcr Arbeit, den&nbsp;Fachstellen f\u00fcr behinderte Menschen im Arbeitsleben, \u00c4rzten sowie anderen Fachdiensten und Einrichtungen der beruflichen Rehabilitation zusammen.<\/p>\n\n\n\n<p>Er verf\u00fcgt \u00fcber behinderungsspezifische Kenntnisse und unterst\u00fctzt (schwer-)behinderte und ihnen gleichgestellte<\/p>\n\n\n\n<ul class=\"wp-block-list\">\n<li>Menschen mit einer seelischen Behinderung bzw. von einer seelischen Behinderung bedrohte Menschen<\/li>\n\n\n\n<li>Menschen mit einer geistigen oder k\u00f6rperlichen Behinderung<\/li>\n\n\n\n<li>Menschen, die blind sind oder eine Sehbehinderung haben<\/li>\n\n\n\n<li>Menschen, die taub sind oder eine H\u00f6rbehinderung haben.<\/li>\n<\/ul>\n\n\n\n<p>und bietet fachkompetente Beratung und Unterst\u00fctzung f\u00fcr<\/p>\n\n\n\n<ul class=\"wp-block-list\">\n<li>Arbeitgebende, die schwerbehinderte Menschen besch\u00e4ftigen oder besch\u00e4ftigen m\u00f6chten<\/li>\n\n\n\n<li>Kollegen, Vorgesetzte, Schwerbehindertenvertretung und betriebliche Helfer<\/li>\n\n\n\n<li>Arbeitslose Menschen mit Behinderung.<\/li>\n<\/ul>\n\n\n\n\n\n<p><strong>Die Mitarbeiter unterliegen der Schweigepflicht.<\/strong><\/p>\n\n\n\n<p><strong>Das Angebot des IFD ist kostenfrei.<\/strong><\/p>\n\n\n\n\n\n<p>Der IFD ist erreichbar:<\/p>\n\n\n\n<ul class=\"wp-block-list\">\n<li><strong>Pers\u00f6nlich (zentral gelegen\/ barrierefrei)<\/strong><\/li>\n\n\n\n<li><strong>Telefonisch<\/strong><\/li>\n\n\n\n<li><strong>Per E-Mail<\/strong><\/li>\n\n\n\n<li><strong>\u00dcber das Kontaktformular auf der Homepage<\/strong><\/li>\n\n\n\n<li><strong>Virtuell nach Terminvereinbarung mittels Videokonferenz<\/strong><\/li>\n<\/ul>\n\n\n\n<p>Gerne k\u00f6nnen Sie einen Beratungstermin vereinbaren!<\/p>\n\n\n\n<p>Informationen zum IFD erhalten Sie auch auf unserem Flyer (Bitte Bild anklicken):<span class=\"rarr\"><\/span><br><a href=\"https:\/\/www.ifd-bonn.de\/wp-content\/uploads\/2021\/09\/2021_08_ifd_flyer_barrierefrei.pdf\" data-type=\"URL\" data-id=\"https:\/\/www.ifd-bonn.de\/wp-content\/uploads\/2021\/09\/2021_08_ifd_flyer_barrierefrei.pdf\" target=\"_blank\" rel=\"noreferrer noopener\"><img loading=\"lazy\" decoding=\"async\" width=\"121\" height=\"251\" class=\"wp-image-1159\" style=\"width: 121px;\" src=\"https:\/\/www.ifd-bonn.de\/wp-content\/uploads\/2021\/03\/Flyer_ifd.jpg\" alt=\"\"><\/a><\/p>\n\n\n\n<p><a href=\"https:\/\/leichtesprache.lvr.de\/de\/nav_main\/arbeiten\/der_allgemeine_arbeitsmarkt_\/beratungs_stellen_\/integrations_fachdienste_1\/artikel_34.html\">Der Integrations-Fachdienst in leichter Sprache<\/a> (Bitte anklicken)<\/p>\n\n\n\n<p>_______________________________________________<\/p>\n\n\n\n<p><\/p>\n\n\n\n<figure class=\"wp-block-image size-large is-resized\"><img loading=\"lazy\" decoding=\"async\" width=\"1024\" height=\"402\" src=\"https:\/\/www.ifd-bonn.de\/wp-content\/uploads\/2023\/02\/EAA_Logo_Text_RGB-1024x402.jpg\" alt=\"Einheitliche Ansprechstellen f\u00fcr Arbeitgeber\" class=\"wp-image-1620\" style=\"width:512px;height:201px\" srcset=\"https:\/\/www.ifd-bonn.de\/wp-content\/uploads\/2023\/02\/EAA_Logo_Text_RGB-1024x402.jpg 1024w, https:\/\/www.ifd-bonn.de\/wp-content\/uploads\/2023\/02\/EAA_Logo_Text_RGB-300x118.jpg 300w, https:\/\/www.ifd-bonn.de\/wp-content\/uploads\/2023\/02\/EAA_Logo_Text_RGB-768x301.jpg 768w, https:\/\/www.ifd-bonn.de\/wp-content\/uploads\/2023\/02\/EAA_Logo_Text_RGB-1536x603.jpg 1536w, https:\/\/www.ifd-bonn.de\/wp-content\/uploads\/2023\/02\/EAA_Logo_Text_RGB-2048x803.jpg 2048w, https:\/\/www.ifd-bonn.de\/wp-content\/uploads\/2023\/02\/EAA_Logo_Text_RGB-1200x471.jpg 1200w\" sizes=\"auto, (max-width: 709px) 85vw, (max-width: 909px) 67vw, (max-width: 1362px) 62vw, 840px\" \/><figcaption class=\"wp-element-caption\"><a href=\"https:\/\/www.ifd-bonn.de\/?page_id=181\">EAA Einheitliche Ansprechstellen f\u00fcr Arbeitgeber<\/a><\/figcaption><\/figure>\n\n\n\n<p>EAA &#8211; Einheitliche Ansprechstellen f\u00fcr Arbeitgeber als zus\u00e4tzliches Beratungsangebot speziell f\u00fcr Betriebe: Die EAA informieren, beraten und unterst\u00fctzen Arbeitgebende niedrigschwellig bei der Ausbildung, Einstellung und Besch\u00e4ftigung von schwerbehinderten und diesen gleichgestellten Besch\u00e4ftigten. Dabei sind die EAA als Partner der Betriebe dauerhafte Ansprechstellen im ganzen Prozess der Besch\u00e4ftigung.<\/p>\n\n\n\n<p>_______________________________________________<\/p>\n\n\n\n<p>Aus Gr\u00fcnden der Lesbarkeit und Verst\u00e4ndlichkeit wird bei der Bezeichnung von Personen die m\u00e4nnliche Form verwendet. Diese Bezeichnung schlie\u00dft Frauen und diverse Personen in der jeweiligen Funktion ausdr\u00fccklich mit ein.<\/p>\n","protected":false},"excerpt":{"rendered":"<p>Der Integrationsfachdienst Bonn\/Rhein-Sieg (IFD) ist eine Fachberatungsstelle f\u00fcr Menschen mit Behinderung rund um die Teilhabe am Arbeitsleben. Der IFD arbeitet im Auftrag des LVR-Inklusionsamtes und bei Bedarf mit der Agentur f\u00fcr Arbeit, den&nbsp;Fachstellen f\u00fcr behinderte Menschen im Arbeitsleben, \u00c4rzten sowie anderen Fachdiensten und Einrichtungen der beruflichen Rehabilitation zusammen. Er verf\u00fcgt \u00fcber behinderungsspezifische Kenntnisse und unterst\u00fctzt &hellip; <a href=\"https:\/\/www.ifd-bonn.de\/\" class=\"more-link\"><span class=\"screen-reader-text\">\u201eDer Integrationsfachdienst Bonn\/Rhein-Sieg (IFD)\u201c<\/span> weiterlesen<\/a><\/p>\n","protected":false},"author":2,"featured_media":0,"parent":0,"menu_order":0,"comment_status":"closed","ping_status":"closed","template":"","meta":{"footnotes":""},"class_list":["post-9","page","type-page","status-publish","hentry"],"_links":{"self":[{"href":"https:\/\/www.ifd-bonn.de\/index.php?rest_route=\/wp\/v2\/pages\/9","targetHints":{"allow":["GET"]}}],"collection":[{"href":"https:\/\/www.ifd-bonn.de\/index.php?rest_route=\/wp\/v2\/pages"}],"about":[{"href":"https:\/\/www.ifd-bonn.de\/index.php?rest_route=\/wp\/v2\/types\/page"}],"author":[{"embeddable":true,"href":"https:\/\/www.ifd-bonn.de\/index.php?rest_route=\/wp\/v2\/users\/2"}],"replies":[{"embeddable":true,"href":"https:\/\/www.ifd-bonn.de\/index.php?rest_route=%2Fwp%2Fv2%2Fcomments&post=9"}],"version-history":[{"count":78,"href":"https:\/\/www.ifd-bonn.de\/index.php?rest_route=\/wp\/v2\/pages\/9\/revisions"}],"predecessor-version":[{"id":1974,"href":"https:\/\/www.ifd-bonn.de\/index.php?rest_route=\/wp\/v2\/pages\/9\/revisions\/1974"}],"wp:attachment":[{"href":"https:\/\/www.ifd-bonn.de\/index.php?rest_route=%2Fwp%2Fv2%2Fmedia&parent=9"}],"curies":[{"name":"wp","href":"https:\/\/api.w.org\/{rel}","templated":true}]}}